{"id":10826,"date":"2021-08-27T10:52:19","date_gmt":"2021-08-27T10:52:19","guid":{"rendered":"https:\/\/profesionalesweb.com\/sports\/?page_id=10826"},"modified":"2021-08-27T11:00:39","modified_gmt":"2021-08-27T11:00:39","slug":"contacto","status":"publish","type":"page","link":"https:\/\/profesionalesweb.com\/sports\/contacto\/","title":{"rendered":"Contacto"},"content":{"rendered":"[vc_row][vc_column][mk_padding_divider][\/vc_column][\/vc_row][vc_row][vc_column width=&#8221;1\/2&#8243;][vc_single_image image=&#8221;10827&#8243; img_size=&#8221;full&#8221; style=&#8221;vc_box_shadow_3d&#8221;][\/vc_column][vc_column width=&#8221;1\/2&#8243;][vc_column_text css=&#8221;.vc_custom_1630061185843{margin-bottom: 0px !important;}&#8221;]\n<h2 style=\"text-align: center;\">CONTACTO<\/h2>\n[\/vc_column_text][mk_padding_divider size=&#8221;20&#8243;][vc_column_text css=&#8221;.vc_custom_1630061321518{margin-bottom: 0px !important;}&#8221;]Profesional de la fotograf\u00eda, con titulaci\u00f3n universitaria y experiencia amplia como fot\u00f3grafo deportivo y la realizaci\u00f3n de eventos.[\/vc_column_text][mk_padding_divider size=&#8221;20&#8243;][mk_contact_info phone=&#8221;652 729 220&#8243; email=&#8221;marketing@profesionalesweb.com&#8221; address=&#8221;Calle Alcalde Jos\u00e9 Luis Lassaletta, 17 Oficina 2 Alicante, 03008&#8243; website=&#8221;www.profesionalesweb.com&#8221;][\/vc_column][\/vc_row][vc_row][vc_column width=&#8221;1\/2&#8243;][vc_column_text css=&#8221;.vc_custom_1630062038074{margin-bottom: 0px !important;}&#8221;]<div role=\"form\" class=\"wpcf7\" id=\"wpcf7-f6-o1\" lang=\"en-US\" dir=\"ltr\">\n<div class=\"screen-reader-response\"><p role=\"status\" aria-live=\"polite\" aria-atomic=\"true\"><\/p> <ul><\/ul><\/div>\n<form action=\"\/sports\/wp-json\/wp\/v2\/pages\/10826#wpcf7-f6-o1\" method=\"post\" class=\"wpcf7-form init\" novalidate=\"novalidate\" data-status=\"init\">\n<div style=\"display: none;\">\n<input type=\"hidden\" name=\"_wpcf7\" value=\"6\" \/>\n<input type=\"hidden\" name=\"_wpcf7_version\" value=\"5.6.4\" \/>\n<input type=\"hidden\" name=\"_wpcf7_locale\" value=\"en_US\" \/>\n<input type=\"hidden\" name=\"_wpcf7_unit_tag\" value=\"wpcf7-f6-o1\" \/>\n<input type=\"hidden\" name=\"_wpcf7_container_post\" value=\"0\" \/>\n<input type=\"hidden\" name=\"_wpcf7_posted_data_hash\" value=\"\" \/>\n<\/div>\n<p><label> Nombre (*)<br \/>\n    <span class=\"wpcf7-form-control-wrap\" data-name=\"your-name\"><input type=\"text\" name=\"your-name\" value=\"\" size=\"40\" class=\"wpcf7-form-control wpcf7-text wpcf7-validates-as-required\" aria-required=\"true\" aria-invalid=\"false\" \/><\/span> <\/label><\/p>\n<p><label> Email (*)<br \/>\n    <span class=\"wpcf7-form-control-wrap\" data-name=\"your-email\"><input type=\"email\" name=\"your-email\" value=\"\" size=\"40\" class=\"wpcf7-form-control wpcf7-text wpcf7-email wpcf7-validates-as-required wpcf7-validates-as-email\" aria-required=\"true\" aria-invalid=\"false\" \/><\/span> <\/label><\/p>\n<p><label> Tel\u00e9fono<br \/>\n<span class=\"wpcf7-form-control-wrap\" data-name=\"Telefono\"><input type=\"tel\" name=\"Telefono\" value=\"\" size=\"40\" class=\"wpcf7-form-control wpcf7-text wpcf7-tel wpcf7-validates-as-required wpcf7-validates-as-tel\" aria-required=\"true\" aria-invalid=\"false\" \/><\/span> <\/label><\/p>\n<p><label> Mensaje<br \/>\n    <span class=\"wpcf7-form-control-wrap\" data-name=\"your-message\"><textarea name=\"your-message\" cols=\"40\" rows=\"10\" class=\"wpcf7-form-control wpcf7-textarea\" aria-invalid=\"false\"><\/textarea><\/span> <\/label><\/p>\n<p><input type=\"submit\" value=\"Enviar\" class=\"wpcf7-form-control has-spinner wpcf7-submit\" \/><\/p>\n<div class=\"wpcf7-response-output\" aria-hidden=\"true\"><\/div><\/form><\/div>[\/vc_column_text][\/vc_column][vc_column width=&#8221;1\/2&#8243;][vc_column_text css=&#8221;.vc_custom_1630061813811{margin-bottom: 0px !important;}&#8221;]<iframe src=\"https:\/\/www.google.com\/maps\/embed?pb=!1m18!1m12!1m3!1d3129.56650626986!2d-0.5072750485851685!3d38.335868187350904!2m3!1f0!2f0!3f0!3m2!1i1024!2i768!4f13.1!3m3!1m2!1s0xd62363f9aa564a3%3A0x33bd7737c7b30eb8!2sCentro%20de%20Negocios%20Zona%20Sur!5e0!3m2!1ses!2ses!4v1630061799300!5m2!1ses!2ses\" width=\"600\" height=\"450\" style=\"border:0;\" allowfullscreen=\"\" loading=\"lazy\"><\/iframe>[\/vc_column_text][\/vc_column][\/vc_row]\n","protected":false},"excerpt":{"rendered":"<p>[vc_row][vc_column][mk_padding_divider][\/vc_column][\/vc_row][vc_row][vc_column width=&#8221;1\/2&#8243;][vc_single_image image=&#8221;10827&#8243; img_size=&#8221;full&#8221; style=&#8221;vc_box_shadow_3d&#8221;][\/vc_column][vc_column width=&#8221;1\/2&#8243;][vc_column_text css=&#8221;.vc_custom_1630061185843{margin-bottom: 0px !important;}&#8221;] CONTACTO [\/vc_column_text][mk_padding_divider size=&#8221;20&#8243;][vc_column_text css=&#8221;.vc_custom_1630061321518{margin-bottom: 0px !important;}&#8221;]Profesional de la fotograf\u00eda, con titulaci\u00f3n universitaria y experiencia amplia como fot\u00f3grafo deportivo y la realizaci\u00f3n de eventos.[\/vc_column_text][mk_padding_divider size=&#8221;20&#8243;][mk_contact_info phone=&#8221;652 729 220&#8243; email=&#8221;marketing@profesionalesweb.com&#8221; address=&#8221;Calle Alcalde Jos\u00e9 Luis Lassaletta, 17 Oficina 2 Alicante, 03008&#8243; website=&#8221;www.profesionalesweb.com&#8221;][\/vc_column][\/vc_row][vc_row][vc_column width=&#8221;1\/2&#8243;][vc_column_text css=&#8221;.vc_custom_1630062038074{margin-bottom: 0px !important;}&#8221;][\/vc_column_text][\/vc_column][vc_column width=&#8221;1\/2&#8243;][vc_column_text css=&#8221;.vc_custom_1630061813811{margin-bottom: 0px [&hellip;]<\/p>\n","protected":false},"author":1,"featured_media":0,"parent":0,"menu_order":0,"comment_status":"closed","ping_status":"closed","template":"","meta":{"footnotes":""},"_links":{"self":[{"href":"https:\/\/profesionalesweb.com\/sports\/wp-json\/wp\/v2\/pages\/10826"}],"collection":[{"href":"https:\/\/profesionalesweb.com\/sports\/wp-json\/wp\/v2\/pages"}],"about":[{"href":"https:\/\/profesionalesweb.com\/sports\/wp-json\/wp\/v2\/types\/page"}],"author":[{"embeddable":true,"href":"https:\/\/profesionalesweb.com\/sports\/wp-json\/wp\/v2\/users\/1"}],"replies":[{"embeddable":true,"href":"https:\/\/profesionalesweb.com\/sports\/wp-json\/wp\/v2\/comments?post=10826"}],"version-history":[{"count":4,"href":"https:\/\/profesionalesweb.com\/sports\/wp-json\/wp\/v2\/pages\/10826\/revisions"}],"predecessor-version":[{"id":10832,"href":"https:\/\/profesionalesweb.com\/sports\/wp-json\/wp\/v2\/pages\/10826\/revisions\/10832"}],"wp:attachment":[{"href":"https:\/\/profesionalesweb.com\/sports\/wp-json\/wp\/v2\/media?parent=10826"}],"curies":[{"name":"wp","href":"https:\/\/api.w.org\/{rel}","templated":true}]}}