{"id":1476,"date":"2021-08-30T10:55:52","date_gmt":"2021-08-30T10:55:52","guid":{"rendered":"https:\/\/profesionalesweb.com\/?page_id=1476"},"modified":"2021-08-30T11:31:30","modified_gmt":"2021-08-30T11:31:30","slug":"precios-web-para-fotografos-deportivos","status":"publish","type":"page","link":"https:\/\/profesionalesweb.com\/en\/precios-web-para-fotografos-deportivos\/","title":{"rendered":"Precios de nuestras Web para Fotogr\u00e1fos Deportivos"},"content":{"rendered":"<div  data-mk-full-width=\"true\" data-mk-full-width-init=\"false\" data-mk-stretch-content=\"true\" class=\"wpb_row vc_row vc_row-fluid jupiter-donut-hidden-sm mk-fullwidth-true  attched-false    vc_custom_1630320948511  js-master-row  mk-full-content-true\">\n\t\t\t\t\n<div class=\"vc_col-sm-12 wpb_column column_container  jupiter-donut- _ jupiter-donut-height-full\">\n\t\n<div id=\"padding-2\" class=\"mk-padding-divider jupiter-donut-  jupiter-donut-clearfix\"><\/div>\n\n<\/div>\n\t<\/div>\n<div class=\"vc_row-full-width vc_clearfix\"><\/div>\n<div  data-mk-full-width=\"true\" data-mk-full-width-init=\"false\" data-mk-stretch-content=\"true\" class=\"wpb_row vc_row vc_row-fluid jupiter-donut-visible-sm mk-fullwidth-true  attched-false    vc_custom_1630321104124  js-master-row  mk-full-content-true\">\n\t\t\t\t\n<div class=\"vc_col-sm-12 wpb_column column_container  jupiter-donut- _ jupiter-donut-height-full\">\n\t\n<div id=\"padding-4\" class=\"mk-padding-divider jupiter-donut-  jupiter-donut-clearfix\"><\/div>\n\n<\/div>\n\t<\/div>\n<div class=\"vc_row-full-width vc_clearfix\"><\/div>\n<div  data-mk-full-width=\"true\" data-mk-full-width-init=\"false\" class=\"wpb_row vc_row vc_row-fluid jupiter-donut- mk-fullwidth-true  attched-false    vc_custom_1629882187250  js-master-row\">\n\t\t\t<div class=\"mk-grid\">\n\t\t\t\t\n<div class=\"vc_col-sm-12 wpb_column column_container  jupiter-donut- _ jupiter-donut-height-full\">\n\t\n<div id=\"padding-6\" class=\"mk-padding-divider jupiter-donut-  jupiter-donut-clearfix\"><\/div>\n\n\n<h2 id=\"fancy-title-7\" class=\"mk-fancy-title  simple-style jupiter-donut-  color-single\">\n\t<span>\n\t\t\t\t<h1 style=\"text-align: center;\"><span style=\"color: #ffffff;\">Web Solutions for Sports Photographers<\/span><\/h1>\n\t\t\t<\/span>\n<\/h2>\n<div class=\"clearboth\"><\/div>\n\n\n\n\n<h2 id=\"fancy-title-8\" class=\"mk-fancy-title  simple-style jupiter-donut-  color-single\">\n\t<span>\n\t\t\t\t<h4 style=\"text-align: center;\"><span style=\"color: #007197;\">Precios<\/span><\/h4>\n\t\t\t<\/span>\n<\/h2>\n<div class=\"clearboth\"><\/div>\n\n\n\n<\/div>\n\t\t\t<\/div>\n\t<\/div>\n<div class=\"vc_row-full-width vc_clearfix\"><\/div><section data-vc-full-width=\"true\" data-vc-full-width-init=\"false\" class=\"vc_section vc_custom_1630322357131 vc_section-has-fill\">\n<div  data-mk-stretch-content=\"true\" class=\"wpb_row vc_row vc_row-fluid jupiter-donut- mk-fullwidth-false  attched-false     js-master-row  mk-grid\">\n\t\t\t\t\n<div class=\"vc_col-sm-12 wpb_column column_container  jupiter-donut- _ jupiter-donut-height-full\">\n\t\n<div class=\"pricing-table multicolor  jupiter-donut- no-pricing-offer\">\n\t\t<ul class=\"pricing-cols\"><li class=\"pricing-col three-table\">\n\t\t\t<div class=\"pricing-heading\" style=\"background-color:#00b0e7\">\n\t\t\t\t\n<div class=\"pricing-plan\">Starter<\/div>\t\t\t\t<div class=\"pricing-price\">\n\t<span>\n\t\t<sup>\u20ac<\/sup>15.95\t\t<sub>Mensual<\/sub>\n\t<\/span>\n<\/div>\t\t\t<\/div>\n\t\t\t\n<div class=\"pricing-features\"><ul>\r\n \t<li>Dise\u00f1o Web Profesional<\/li>\r\n \t<li>Dominio .com inclu\u00eddo<\/li>\r\n \t<li>3 correos electr\u00f3nicos<\/li>\r\n \t<li>Galer\u00eda de Fotos<\/li>\r\n \t<li>Galer\u00eda de Videos<\/li>\r\n \t<li>Blog<\/li>\r\n \t<li>Marcas de Agua<\/li>\r\n \t<li>Protecci\u00f3n de Im\u00e1genes<\/li>\r\n \t<li>Tienda Online<\/li>\r\n \t<li>Integraci\u00f3n con nuestro servicio de impresi\u00f3n<\/li>\r\n \t<li>Formulario de Contacto<\/li>\r\n \t<li>Integraci\u00f3n con redes sociales<\/li>\r\n \t<li>Espacio en Disco: 20GB<\/li>\r\n<\/ul><\/div>\t\t\t<div class=\"pricing-button\">\n\n<div id=\"mk-button-11\" class=\"mk-button-container _ jupiter-donut-relative    jupiter-donut-block jupiter-donut-text-center\">\n\n\t\n\t\t<a href=\"#\" target=\"_self\" class=\"mk-button js-smooth-scroll mk-button--dimension-flat mk-button--size-large mk-button--corner-pointed text-color-light _ jupiter-donut-relative jupiter-donut-text-center jupiter-donut-font-weight-700 jupiter-donut-no-backface  jupiter-donut-letter-spacing-2 jupiter-donut-inline-block\"><span class=\"mk-button--text\">Comprar<\/span><\/a>\n\n\t\n<\/div>\n<div class=\"clearboth\"><\/div>\n<\/div>\n<\/li><li class=\"pricing-col three-table\">\n\t\t\t<div class=\"pricing-heading\" style=\"background-color:#607779\">\n\t\t\t\t\n<div class=\"pricing-plan\">Pro<\/div>\t\t\t\t<div class=\"pricing-price\">\n\t<span>\n\t\t<sup>\u20ac<\/sup>25.95\t\t<sub>Mensual<\/sub>\n\t<\/span>\n<\/div>\t\t\t<\/div>\n\t\t\t\n<div class=\"pricing-features\"><ul>\r\n \t<li>Dise\u00f1o Web Profesional<\/li>\r\n \t<li>Dominio .com inclu\u00eddo<\/li>\r\n \t<li>5 correos electr\u00f3nicos<\/li>\r\n \t<li>Galer\u00eda de Fotos<\/li>\r\n \t<li>Galer\u00eda de Videos<\/li>\r\n \t<li>Blog<\/li>\r\n \t<li>Marcas de Agua<\/li>\r\n \t<li>Protecci\u00f3n de Im\u00e1genes<\/li>\r\n \t<li>Tienda Online<\/li>\r\n \t<li>Integraci\u00f3n con nuestro servicio de impresi\u00f3n<\/li>\r\n \t<li>Formulario de Contacto<\/li>\r\n \t<li>Integraci\u00f3n con redes sociales<\/li>\r\n \t<li>Espacio en Disco: 30GB<\/li>\r\n<\/ul><\/div>\t\t\t<div class=\"pricing-button\">\n\n<div id=\"mk-button-12\" class=\"mk-button-container _ jupiter-donut-relative    jupiter-donut-block jupiter-donut-text-center\">\n\n\t\n\t\t<a href=\"#\" target=\"_self\" class=\"mk-button js-smooth-scroll mk-button--dimension-flat mk-button--size-large mk-button--corner-pointed text-color-light _ jupiter-donut-relative jupiter-donut-text-center jupiter-donut-font-weight-700 jupiter-donut-no-backface  jupiter-donut-letter-spacing-2 jupiter-donut-inline-block\"><span class=\"mk-button--text\">Comprar<\/span><\/a>\n\n\t\n<\/div>\n<div class=\"clearboth\"><\/div>\n<\/div>\n<\/li><li class=\"pricing-col three-table\">\n\t\t\t<div class=\"pricing-heading\" style=\"background-color:#007197\">\n\t\t\t\t\n<div class=\"pricing-plan\">Champion<\/div>\t\t\t\t<div class=\"pricing-price\">\n\t<span>\n\t\t<sup>\u20ac<\/sup>45.95\t\t<sub>Mensual<\/sub>\n\t<\/span>\n<\/div>\t\t\t<\/div>\n\t\t\t\n<div class=\"pricing-features\"><ul>\r\n \t<li>Dise\u00f1o Web Profesional<\/li>\r\n \t<li>Dominio .com inclu\u00eddo<\/li>\r\n \t<li>10 correos electr\u00f3nicos<\/li>\r\n \t<li>Galer\u00eda de Fotos<\/li>\r\n \t<li>Galer\u00eda de Videos<\/li>\r\n \t<li>Blog<\/li>\r\n \t<li>Marcas de Agua<\/li>\r\n \t<li>Protecci\u00f3n de Im\u00e1genes<\/li>\r\n \t<li>Tienda Online<\/li>\r\n \t<li>Integraci\u00f3n con nuestro servicio de impresi\u00f3n<\/li>\r\n \t<li>Formulario de Contacto<\/li>\r\n \t<li>Integraci\u00f3n con redes sociales<\/li>\r\n \t<li>Espacio en Disco: 100GB<\/li>\r\n<\/ul><\/div>\t\t\t<div class=\"pricing-button\">\n\n<div id=\"mk-button-13\" class=\"mk-button-container _ jupiter-donut-relative    jupiter-donut-block jupiter-donut-text-center\">\n\n\t\n\t\t<a href=\"#\" target=\"_self\" class=\"mk-button js-smooth-scroll mk-button--dimension-flat mk-button--size-large mk-button--corner-pointed text-color-light _ jupiter-donut-relative jupiter-donut-text-center jupiter-donut-font-weight-700 jupiter-donut-no-backface  jupiter-donut-letter-spacing-2 jupiter-donut-inline-block\"><span class=\"mk-button--text\">Comprar<\/span><\/a>\n\n\t\n<\/div>\n<div class=\"clearboth\"><\/div>\n<\/div>\n<\/li><\/ul>\n<\/div>\n\n\n<\/div>\n\t<\/div>\n\n<div  data-mk-stretch-content=\"true\" class=\"wpb_row vc_row vc_row-fluid jupiter-donut- mk-fullwidth-false  attched-false     js-master-row  mk-grid\">\n\t\t\t\t\n<div class=\"vc_col-sm-6 wpb_column column_container  jupiter-donut- _ jupiter-donut-height-full\">\n\t\n<div id=\"padding-15\" class=\"mk-padding-divider jupiter-donut-  jupiter-donut-clearfix\"><\/div>\n\n\t<div class=\"vc_custom_1629879578370\">\n\n<div id=\"text-block-16\" class=\"mk-text-block  jupiter-donut-\">\n\n\t\n\t<h3><span style=\"color: #22aee4;\">No pierdas m\u00e1s ventas y mejora tu flujo de trabajo.<\/span><\/h3>\n<p>Permite que la tecnolog\u00eda trabaja para t\u00ed, automatiza tu procesa de ventas y dedica m\u00e1s tiempo a lo que te gusta: tomar fotograf\u00edas.<\/p>\n\n\t<div class=\"clearboth\"><\/div>\n<\/div>\n\n\t<\/div>\n\t<div class=\"vc_custom_1629879389135\">\n\n<div id=\"text-block-17\" class=\"mk-text-block  jupiter-donut-\">\n\n\t\n\t<h3><span style=\"color: #22aee4;\">Integra tus redes sociales con tu portafolio fotogr\u00e1fico.<\/span><\/h3>\n<p>Tu p\u00e1gina web de fotograf\u00eda de deportes necesita seguidores. Nuestras integraciones perfectas con las redes sociales te permiten conectar con tu audiencia y multiplicar tu visibilidad.<\/p>\n\n\t<div class=\"clearboth\"><\/div>\n<\/div>\n\n\t<\/div>\n\t<div class=\"vc_custom_1629883504413\">\n\n<div id=\"text-block-18\" class=\"mk-text-block  jupiter-donut-\">\n\n\t\n\t<h3><span style=\"color: #22aee4;\">Recibe ayuda de nuestro equipo de expertos.<\/span><\/h3>\n<p>Nuestro equipo de Atenci\u00f3n al Cliente te atiende de forma personalizada por correo electr\u00f3nico o chat en vivo.<br \/>\nSiempre podr\u00e1s contar con la ayuda necesaria para resolver cualquier inconveniente o asesorarte en mejorar tu experiencia.<\/p>\n\n\t<div class=\"clearboth\"><\/div>\n<\/div>\n\n\t<\/div>\n<\/div>\n\n<div class=\"vc_col-sm-6 wpb_column column_container  jupiter-donut- _ jupiter-donut-height-full\">\n\t\t<div class=\"vc_custom_1630323076345\">\n\n<div id=\"text-block-20\" class=\"mk-text-block  jupiter-donut-\">\n\n\t\n\t<h4 style=\"text-align: center;\"><strong>Web para Fot\u00f3grafos Deportivos<\/strong><br \/>\n<strong>Sin preocupaciones!<\/strong><\/h4>\n\n\t<div class=\"clearboth\"><\/div>\n<\/div>\n\n\t<\/div>\n\n<div id=\"padding-21\" class=\"mk-padding-divider jupiter-donut-  jupiter-donut-clearfix\"><\/div>\n\n\n\t<div  class=\"wpb_single_image wpb_content_element vc_align_center  wpb_animate_when_almost_visible wpb_fadeInRight fadeInRight\">\n\t\t\n\t\t<figure class=\"wpb_wrapper vc_figure\">\n\t\t\t<div class=\"vc_single_image-wrapper vc_box_border_circle  vc_box_border_sky\"><img loading=\"lazy\" decoding=\"async\" class=\"vc_single_image-img\" src=\"https:\/\/profesionalesweb.com\/wp-content\/uploads\/2021\/08\/fotografo-deportivo-400x400.jpg\" width=\"400\" height=\"400\" alt=\"fotografo-deportivo\" title=\"fotografo-deportivo\" \/><\/div>\n\t\t<\/figure>\n\t<\/div>\n<\/div>\n\t<\/div>\n<\/section><div class=\"vc_row-full-width vc_clearfix\"><\/div>","protected":false},"excerpt":{"rendered":"","protected":false},"author":1,"featured_media":0,"parent":0,"menu_order":0,"comment_status":"closed","ping_status":"closed","template":"","meta":{"footnotes":""},"class_list":["post-1476","page","type-page","status-publish","hentry"],"yoast_head":"<!-- This site is optimized with the Yoast SEO plugin v23.4 - https:\/\/yoast.com\/wordpress\/plugins\/seo\/ -->\n<title>Precios de nuestras Web para Fotogr\u00e1fos Deportivos - ProfesionalesWeb.com - Dise\u00f1o de P\u00e1ginas Web Alicante y Elche, Espa\u00f1a<\/title>\n<meta name=\"robots\" content=\"index, follow, max-snippet:-1, max-image-preview:large, max-video-preview:-1\" \/>\n<link rel=\"canonical\" href=\"https:\/\/profesionalesweb.com\/en\/precios-web-para-fotografos-deportivos\/\" \/>\n<meta property=\"og:locale\" content=\"en_GB\" \/>\n<meta property=\"og:type\" content=\"article\" \/>\n<meta property=\"og:title\" content=\"Precios de nuestras Web para Fotogr\u00e1fos Deportivos - ProfesionalesWeb.com - Dise\u00f1o de P\u00e1ginas Web Alicante y Elche, Espa\u00f1a\" \/>\n<meta property=\"og:url\" content=\"https:\/\/profesionalesweb.com\/en\/precios-web-para-fotografos-deportivos\/\" \/>\n<meta property=\"og:site_name\" content=\"ProfesionalesWeb.com - Dise\u00f1o de P\u00e1ginas Web Alicante y Elche, Espa\u00f1a\" \/>\n<meta property=\"article:modified_time\" content=\"2021-08-30T11:31:30+00:00\" \/>\n<meta name=\"twitter:card\" content=\"summary_large_image\" \/>\n<meta name=\"twitter:label1\" content=\"Estimated reading time\" \/>\n\t<meta name=\"twitter:data1\" content=\"2 minutes\" \/>\n<script type=\"application\/ld+json\" class=\"yoast-schema-graph\">{\"@context\":\"https:\/\/schema.org\",\"@graph\":[{\"@type\":\"WebPage\",\"@id\":\"https:\/\/profesionalesweb.com\/precios-web-para-fotografos-deportivos\/\",\"url\":\"https:\/\/profesionalesweb.com\/precios-web-para-fotografos-deportivos\/\",\"name\":\"Precios de nuestras Web para Fotogr\u00e1fos Deportivos - ProfesionalesWeb.com - Dise\u00f1o de P\u00e1ginas Web Alicante y Elche, Espa\u00f1a\",\"isPartOf\":{\"@id\":\"https:\/\/profesionalesweb.com\/#website\"},\"datePublished\":\"2021-08-30T10:55:52+00:00\",\"dateModified\":\"2021-08-30T11:31:30+00:00\",\"breadcrumb\":{\"@id\":\"https:\/\/profesionalesweb.com\/precios-web-para-fotografos-deportivos\/#breadcrumb\"},\"inLanguage\":\"en-GB\",\"potentialAction\":[{\"@type\":\"ReadAction\",\"target\":[\"https:\/\/profesionalesweb.com\/precios-web-para-fotografos-deportivos\/\"]}]},{\"@type\":\"BreadcrumbList\",\"@id\":\"https:\/\/profesionalesweb.com\/precios-web-para-fotografos-deportivos\/#breadcrumb\",\"itemListElement\":[{\"@type\":\"ListItem\",\"position\":1,\"name\":\"Portada\",\"item\":\"https:\/\/profesionalesweb.com\/\"},{\"@type\":\"ListItem\",\"position\":2,\"name\":\"Precios de nuestras Web para Fotogr\u00e1fos Deportivos\"}]},{\"@type\":\"WebSite\",\"@id\":\"https:\/\/profesionalesweb.com\/#website\",\"url\":\"https:\/\/profesionalesweb.com\/\",\"name\":\"ProfesionalesWeb.com - Dise\u00f1o de P\u00e1ginas Web Alicante y Elche, Espa\u00f1a\",\"description\":\"Dise\u00f1o de P\u00e1ginas Web en Alicante, Elche, Espa\u00f1a. Dise\u00f1o de Tiendas Online, Dise\u00f1o de Estrategias de Marketing Digital y Redes Sociales\",\"potentialAction\":[{\"@type\":\"SearchAction\",\"target\":{\"@type\":\"EntryPoint\",\"urlTemplate\":\"https:\/\/profesionalesweb.com\/?s={search_term_string}\"},\"query-input\":{\"@type\":\"PropertyValueSpecification\",\"valueRequired\":true,\"valueName\":\"search_term_string\"}}],\"inLanguage\":\"en-GB\"}]}<\/script>\n<!-- \/ Yoast SEO plugin. -->","yoast_head_json":{"title":"Precios de nuestras Web para Fotogr\u00e1fos Deportivos - ProfesionalesWeb.com - Dise\u00f1o de P\u00e1ginas Web Alicante y Elche, Espa\u00f1a","robots":{"index":"index","follow":"follow","max-snippet":"max-snippet:-1","max-image-preview":"max-image-preview:large","max-video-preview":"max-video-preview:-1"},"canonical":"https:\/\/profesionalesweb.com\/en\/precios-web-para-fotografos-deportivos\/","og_locale":"en_GB","og_type":"article","og_title":"Precios de nuestras Web para Fotogr\u00e1fos Deportivos - ProfesionalesWeb.com - Dise\u00f1o de P\u00e1ginas Web Alicante y Elche, Espa\u00f1a","og_url":"https:\/\/profesionalesweb.com\/en\/precios-web-para-fotografos-deportivos\/","og_site_name":"ProfesionalesWeb.com - Dise\u00f1o de P\u00e1ginas Web Alicante y Elche, Espa\u00f1a","article_modified_time":"2021-08-30T11:31:30+00:00","twitter_card":"summary_large_image","twitter_misc":{"Estimated reading time":"2 minutes"},"schema":{"@context":"https:\/\/schema.org","@graph":[{"@type":"WebPage","@id":"https:\/\/profesionalesweb.com\/precios-web-para-fotografos-deportivos\/","url":"https:\/\/profesionalesweb.com\/precios-web-para-fotografos-deportivos\/","name":"Precios de nuestras Web para Fotogr\u00e1fos Deportivos - ProfesionalesWeb.com - Dise\u00f1o de P\u00e1ginas Web Alicante y Elche, Espa\u00f1a","isPartOf":{"@id":"https:\/\/profesionalesweb.com\/#website"},"datePublished":"2021-08-30T10:55:52+00:00","dateModified":"2021-08-30T11:31:30+00:00","breadcrumb":{"@id":"https:\/\/profesionalesweb.com\/precios-web-para-fotografos-deportivos\/#breadcrumb"},"inLanguage":"en-GB","potentialAction":[{"@type":"ReadAction","target":["https:\/\/profesionalesweb.com\/precios-web-para-fotografos-deportivos\/"]}]},{"@type":"BreadcrumbList","@id":"https:\/\/profesionalesweb.com\/precios-web-para-fotografos-deportivos\/#breadcrumb","itemListElement":[{"@type":"ListItem","position":1,"name":"Portada","item":"https:\/\/profesionalesweb.com\/"},{"@type":"ListItem","position":2,"name":"Precios de nuestras Web para Fotogr\u00e1fos Deportivos"}]},{"@type":"WebSite","@id":"https:\/\/profesionalesweb.com\/#website","url":"https:\/\/profesionalesweb.com\/","name":"ProfesionalesWeb.com - Dise\u00f1o de P\u00e1ginas Web Alicante y Elche, Espa\u00f1a","description":"Dise\u00f1o de P\u00e1ginas Web en Alicante, Elche, Espa\u00f1a. Dise\u00f1o de Tiendas Online, Dise\u00f1o de Estrategias de Marketing Digital y Redes Sociales","potentialAction":[{"@type":"SearchAction","target":{"@type":"EntryPoint","urlTemplate":"https:\/\/profesionalesweb.com\/?s={search_term_string}"},"query-input":{"@type":"PropertyValueSpecification","valueRequired":true,"valueName":"search_term_string"}}],"inLanguage":"en-GB"}]}},"_links":{"self":[{"href":"https:\/\/profesionalesweb.com\/en\/wp-json\/wp\/v2\/pages\/1476"}],"collection":[{"href":"https:\/\/profesionalesweb.com\/en\/wp-json\/wp\/v2\/pages"}],"about":[{"href":"https:\/\/profesionalesweb.com\/en\/wp-json\/wp\/v2\/types\/page"}],"author":[{"embeddable":true,"href":"https:\/\/profesionalesweb.com\/en\/wp-json\/wp\/v2\/users\/1"}],"replies":[{"embeddable":true,"href":"https:\/\/profesionalesweb.com\/en\/wp-json\/wp\/v2\/comments?post=1476"}],"version-history":[{"count":12,"href":"https:\/\/profesionalesweb.com\/en\/wp-json\/wp\/v2\/pages\/1476\/revisions"}],"predecessor-version":[{"id":1499,"href":"https:\/\/profesionalesweb.com\/en\/wp-json\/wp\/v2\/pages\/1476\/revisions\/1499"}],"wp:attachment":[{"href":"https:\/\/profesionalesweb.com\/en\/wp-json\/wp\/v2\/media?parent=1476"}],"curies":[{"name":"wp","href":"https:\/\/api.w.org\/{rel}","templated":true}]}}