{"id":1188,"date":"2019-12-03T15:00:01","date_gmt":"2019-12-03T15:00:01","guid":{"rendered":"https:\/\/profesionalesweb.com\/?page_id=1188"},"modified":"2019-12-03T16:41:44","modified_gmt":"2019-12-03T16:41:44","slug":"navidad","status":"publish","type":"page","link":"https:\/\/profesionalesweb.com\/en\/navidad\/","title":{"rendered":"Navidad"},"content":{"rendered":"<div  data-mk-stretch-content=\"true\" class=\"wpb_row vc_row vc_row-fluid jupiter-donut- mk-fullwidth-false  attched-false     js-master-row  mk-grid\">\n\t\t\t\t\n<div class=\"vc_col-sm-3 wpb_column column_container  jupiter-donut- _ jupiter-donut-height-full\">\n\t<\/div>\n\n<div class=\"vc_col-sm-6 wpb_column column_container  jupiter-donut- _ jupiter-donut-height-full\">\n\t\t<div class=\"vc_custom_1575386448247\">\n\n<div id=\"text-block-3\" class=\"mk-text-block  jupiter-donut-\">\n\n\t\n\t<h3>1.<\/h3>\n\n\t<div class=\"clearboth\"><\/div>\n<\/div>\n\n\t<\/div>\n<div class=\"wpb_video_widget  jupiter-donut-\">\n\t<div class=\"wpb_wrapper\">\n\t\t\t\t<div id=\"video-container-4\" class=\"video-container\" data-id=\"4\" data-source=\"self_hosted\" data-autoplay=\"0\" data-loop=\"0\" data-target=\"lightbox\" itemprop=\"video\" itemtype=\"https:\/\/schema.org\/VideoObject\" >\n\t\t\t<div id=\"video-player-4\" class=\"video-player\">\n\t\t\t\t\t\t<video id=\"video-player-4\" data-id=\"4\" poster=\"\" preload=\"auto\"  controls=\"controls\">\n\t\t\t\t\t\t\t\t\t<source type=\"video\/mp4\" src=\"https:\/\/profesionalesweb.com\/wp-content\/uploads\/2019\/12\/christmas-is.mp4\" \/>\n\t\t\t\t\t\t\t<\/video>\n\t\t\t\t\t\t<\/div>\n\t\t\t\t\t<\/div>\n\t<\/div>\n<\/div>\n\n<div id=\"padding-5\" class=\"mk-padding-divider jupiter-donut-  jupiter-donut-clearfix\"><\/div>\n\n<\/div>\n\n<div class=\"vc_col-sm-3 wpb_column column_container  jupiter-donut- _ jupiter-donut-height-full\">\n\t<\/div>\n\t<\/div>\n\n<div  data-mk-stretch-content=\"true\" class=\"wpb_row vc_row vc_row-fluid jupiter-donut- mk-fullwidth-false  attched-false     js-master-row  mk-grid\">\n\t\t\t\t\n<div class=\"vc_col-sm-3 wpb_column column_container  jupiter-donut- _ jupiter-donut-height-full\">\n\t<\/div>\n\n<div class=\"vc_col-sm-6 wpb_column column_container  jupiter-donut- _ jupiter-donut-height-full\">\n\t\t<div class=\"vc_custom_1575386459667\">\n\n<div id=\"text-block-9\" class=\"mk-text-block  jupiter-donut-\">\n\n\t\n\t<h3>2.<\/h3>\n\n\t<div class=\"clearboth\"><\/div>\n<\/div>\n\n\t<\/div>\n<div class=\"wpb_video_widget  jupiter-donut-\">\n\t<div class=\"wpb_wrapper\">\n\t\t\t\t<div id=\"video-container-10\" class=\"video-container\" data-id=\"10\" data-source=\"self_hosted\" data-autoplay=\"0\" data-loop=\"0\" data-target=\"lightbox\" itemprop=\"video\" itemtype=\"https:\/\/schema.org\/VideoObject\" >\n\t\t\t<div id=\"video-player-10\" class=\"video-player\">\n\t\t\t\t\t\t<video id=\"video-player-10\" data-id=\"10\" poster=\"\" preload=\"auto\"  controls=\"controls\">\n\t\t\t\t\t\t\t\t\t<source type=\"video\/mp4\" src=\"https:\/\/profesionalesweb.com\/wp-content\/uploads\/2019\/12\/christmas-paper-world.mp4\" \/>\n\t\t\t\t\t\t\t<\/video>\n\t\t\t\t\t\t<\/div>\n\t\t\t\t\t<\/div>\n\t<\/div>\n<\/div>\n\n<div id=\"padding-11\" class=\"mk-padding-divider jupiter-donut-  jupiter-donut-clearfix\"><\/div>\n\n<\/div>\n\n<div class=\"vc_col-sm-3 wpb_column column_container  jupiter-donut- _ jupiter-donut-height-full\">\n\t<\/div>\n\t<\/div>\n\n<div  data-mk-stretch-content=\"true\" class=\"wpb_row vc_row vc_row-fluid jupiter-donut- mk-fullwidth-false  attched-false     js-master-row  mk-grid\">\n\t\t\t\t\n<div class=\"vc_col-sm-3 wpb_column column_container  jupiter-donut- _ jupiter-donut-height-full\">\n\t<\/div>\n\n<div class=\"vc_col-sm-6 wpb_column column_container  jupiter-donut- _ jupiter-donut-height-full\">\n\t\t<div class=\"vc_custom_1575386470101\">\n\n<div id=\"text-block-15\" class=\"mk-text-block  jupiter-donut-\">\n\n\t\n\t<h3>3.<\/h3>\n\n\t<div class=\"clearboth\"><\/div>\n<\/div>\n\n\t<\/div>\n<div class=\"wpb_video_widget  jupiter-donut-\">\n\t<div class=\"wpb_wrapper\">\n\t\t\t\t<div id=\"video-container-16\" class=\"video-container\" data-id=\"16\" data-source=\"self_hosted\" data-autoplay=\"0\" data-loop=\"0\" data-target=\"lightbox\" itemprop=\"video\" itemtype=\"https:\/\/schema.org\/VideoObject\" >\n\t\t\t<div id=\"video-player-16\" class=\"video-player\">\n\t\t\t\t\t\t<video id=\"video-player-16\" data-id=\"16\" poster=\"\" preload=\"auto\"  controls=\"controls\">\n\t\t\t\t\t\t\t\t\t<source type=\"video\/mp4\" src=\"https:\/\/profesionalesweb.com\/wp-content\/uploads\/2019\/12\/christmas.mp4\" \/>\n\t\t\t\t\t\t\t<\/video>\n\t\t\t\t\t\t<\/div>\n\t\t\t\t\t<\/div>\n\t<\/div>\n<\/div>\n\n<div id=\"padding-17\" class=\"mk-padding-divider jupiter-donut-  jupiter-donut-clearfix\"><\/div>\n\n<\/div>\n\n<div class=\"vc_col-sm-3 wpb_column column_container  jupiter-donut- _ jupiter-donut-height-full\">\n\t<\/div>\n\t<\/div>\n\n<div  data-mk-stretch-content=\"true\" class=\"wpb_row vc_row vc_row-fluid jupiter-donut- mk-fullwidth-false  attched-false     js-master-row  mk-grid\">\n\t\t\t\t\n<div class=\"vc_col-sm-3 wpb_column column_container  jupiter-donut- _ jupiter-donut-height-full\">\n\t<\/div>\n\n<div class=\"vc_col-sm-6 wpb_column column_container  jupiter-donut- _ jupiter-donut-height-full\">\n\t\t<div class=\"vc_custom_1575386479121\">\n\n<div id=\"text-block-21\" class=\"mk-text-block  jupiter-donut-\">\n\n\t\n\t<h3>4.<\/h3>\n\n\t<div class=\"clearboth\"><\/div>\n<\/div>\n\n\t<\/div>\n<div class=\"wpb_video_widget  jupiter-donut-\">\n\t<div class=\"wpb_wrapper\">\n\t\t\t\t<div id=\"video-container-22\" class=\"video-container\" data-id=\"22\" data-source=\"self_hosted\" data-autoplay=\"0\" data-loop=\"0\" data-target=\"lightbox\" itemprop=\"video\" itemtype=\"https:\/\/schema.org\/VideoObject\" >\n\t\t\t<div id=\"video-player-22\" class=\"video-player\">\n\t\t\t\t\t\t<video id=\"video-player-22\" data-id=\"22\" poster=\"\" preload=\"auto\"  controls=\"controls\">\n\t\t\t\t\t\t\t\t\t<source type=\"video\/mp4\" src=\"https:\/\/profesionalesweb.com\/wp-content\/uploads\/2019\/12\/exotic-christmas.mp4\" \/>\n\t\t\t\t\t\t\t<\/video>\n\t\t\t\t\t\t<\/div>\n\t\t\t\t\t<\/div>\n\t<\/div>\n<\/div>\n\n<div id=\"padding-23\" class=\"mk-padding-divider jupiter-donut-  jupiter-donut-clearfix\"><\/div>\n\n<\/div>\n\n<div class=\"vc_col-sm-3 wpb_column column_container  jupiter-donut- _ jupiter-donut-height-full\">\n\t<\/div>\n\t<\/div>\n\n<div  data-mk-stretch-content=\"true\" class=\"wpb_row vc_row vc_row-fluid jupiter-donut- mk-fullwidth-false  attched-false     js-master-row  mk-grid\">\n\t\t\t\t\n<div class=\"vc_col-sm-3 wpb_column column_container  jupiter-donut- _ jupiter-donut-height-full\">\n\t<\/div>\n\n<div class=\"vc_col-sm-6 wpb_column column_container  jupiter-donut- _ jupiter-donut-height-full\">\n\t\t<div class=\"vc_custom_1575386486966\">\n\n<div id=\"text-block-27\" class=\"mk-text-block  jupiter-donut-\">\n\n\t\n\t<h3>5.<\/h3>\n\n\t<div class=\"clearboth\"><\/div>\n<\/div>\n\n\t<\/div>\n<div class=\"wpb_video_widget  jupiter-donut-\">\n\t<div class=\"wpb_wrapper\">\n\t\t\t\t<div id=\"video-container-28\" class=\"video-container\" data-id=\"28\" data-source=\"self_hosted\" data-autoplay=\"0\" data-loop=\"0\" data-target=\"lightbox\" itemprop=\"video\" itemtype=\"https:\/\/schema.org\/VideoObject\" >\n\t\t\t<div id=\"video-player-28\" class=\"video-player\">\n\t\t\t\t\t\t<video id=\"video-player-28\" data-id=\"28\" poster=\"\" preload=\"auto\"  controls=\"controls\">\n\t\t\t\t\t\t\t\t\t<source type=\"video\/mp4\" src=\"https:\/\/profesionalesweb.com\/wp-content\/uploads\/2019\/12\/christmas-wishes.mp4\" \/>\n\t\t\t\t\t\t\t<\/video>\n\t\t\t\t\t\t<\/div>\n\t\t\t\t\t<\/div>\n\t<\/div>\n<\/div>\n\n<div id=\"padding-29\" class=\"mk-padding-divider jupiter-donut-  jupiter-donut-clearfix\"><\/div>\n\n<\/div>\n\n<div class=\"vc_col-sm-3 wpb_column column_container  jupiter-donut- _ jupiter-donut-height-full\">\n\t<\/div>\n\t<\/div>\n\n<div  data-mk-stretch-content=\"true\" class=\"wpb_row vc_row vc_row-fluid jupiter-donut- mk-fullwidth-false  attched-false     js-master-row  mk-grid\">\n\t\t\t\t\n<div class=\"vc_col-sm-3 wpb_column column_container  jupiter-donut- _ jupiter-donut-height-full\">\n\t<\/div>\n\n<div class=\"vc_col-sm-6 wpb_column column_container  jupiter-donut- _ jupiter-donut-height-full\">\n\t\t<div class=\"vc_custom_1575386496298\">\n\n<div id=\"text-block-33\" class=\"mk-text-block  jupiter-donut-\">\n\n\t\n\t<h3>6.<\/h3>\n\n\t<div class=\"clearboth\"><\/div>\n<\/div>\n\n\t<\/div>\n<div class=\"wpb_video_widget  jupiter-donut-\">\n\t<div class=\"wpb_wrapper\">\n\t\t\t\t<div id=\"video-container-34\" class=\"video-container\" data-id=\"34\" data-source=\"self_hosted\" data-autoplay=\"0\" data-loop=\"0\" data-target=\"lightbox\" itemprop=\"video\" itemtype=\"https:\/\/schema.org\/VideoObject\" >\n\t\t\t<div id=\"video-player-34\" class=\"video-player\">\n\t\t\t\t\t\t<video id=\"video-player-34\" data-id=\"34\" poster=\"\" preload=\"auto\"  controls=\"controls\">\n\t\t\t\t\t\t\t\t\t<source type=\"video\/mp4\" src=\"https:\/\/profesionalesweb.com\/wp-content\/uploads\/2019\/12\/its-xmas.mp4\" \/>\n\t\t\t\t\t\t\t\t\t<source type=\"video\/webm\" src=\"https:\/\/profesionalesweb.com\/wp-content\/uploads\/2019\/12\/christmas-wishes.mp4\" \/>\n\t\t\t\t\t\t\t<\/video>\n\t\t\t\t\t\t<\/div>\n\t\t\t\t\t<\/div>\n\t<\/div>\n<\/div>\n\n<div id=\"padding-35\" class=\"mk-padding-divider jupiter-donut-  jupiter-donut-clearfix\"><\/div>\n\n<\/div>\n\n<div class=\"vc_col-sm-3 wpb_column column_container  jupiter-donut- _ jupiter-donut-height-full\">\n\t<\/div>\n\t<\/div>","protected":false},"excerpt":{"rendered":"1. 2. 3. 4. 5. 6.","protected":false},"author":1,"featured_media":0,"parent":0,"menu_order":0,"comment_status":"closed","ping_status":"closed","template":"","meta":{"footnotes":""},"class_list":["post-1188","page","type-page","status-publish","hentry"],"yoast_head":"<!-- This site is optimized with the Yoast SEO plugin v23.4 - https:\/\/yoast.com\/wordpress\/plugins\/seo\/ -->\n<title>Navidad - ProfesionalesWeb.com - Dise\u00f1o de P\u00e1ginas Web Alicante y Elche, Espa\u00f1a<\/title>\n<meta name=\"robots\" content=\"index, follow, max-snippet:-1, max-image-preview:large, max-video-preview:-1\" \/>\n<link rel=\"canonical\" href=\"https:\/\/profesionalesweb.com\/en\/navidad\/\" \/>\n<meta property=\"og:locale\" content=\"en_GB\" \/>\n<meta property=\"og:type\" content=\"article\" \/>\n<meta property=\"og:title\" content=\"Navidad - ProfesionalesWeb.com - Dise\u00f1o de P\u00e1ginas Web Alicante y Elche, Espa\u00f1a\" \/>\n<meta property=\"og:url\" content=\"https:\/\/profesionalesweb.com\/en\/navidad\/\" \/>\n<meta property=\"og:site_name\" content=\"ProfesionalesWeb.com - Dise\u00f1o de P\u00e1ginas Web Alicante y Elche, Espa\u00f1a\" \/>\n<meta property=\"article:modified_time\" content=\"2019-12-03T16:41:44+00:00\" \/>\n<meta name=\"twitter:card\" content=\"summary_large_image\" \/>\n<meta name=\"twitter:label1\" content=\"Estimated reading time\" \/>\n\t<meta name=\"twitter:data1\" content=\"1 minute\" \/>\n<script type=\"application\/ld+json\" class=\"yoast-schema-graph\">{\"@context\":\"https:\/\/schema.org\",\"@graph\":[{\"@type\":\"WebPage\",\"@id\":\"https:\/\/profesionalesweb.com\/navidad\/\",\"url\":\"https:\/\/profesionalesweb.com\/navidad\/\",\"name\":\"Navidad - ProfesionalesWeb.com - Dise\u00f1o de P\u00e1ginas Web Alicante y Elche, Espa\u00f1a\",\"isPartOf\":{\"@id\":\"https:\/\/profesionalesweb.com\/#website\"},\"datePublished\":\"2019-12-03T15:00:01+00:00\",\"dateModified\":\"2019-12-03T16:41:44+00:00\",\"breadcrumb\":{\"@id\":\"https:\/\/profesionalesweb.com\/navidad\/#breadcrumb\"},\"inLanguage\":\"en-GB\",\"potentialAction\":[{\"@type\":\"ReadAction\",\"target\":[\"https:\/\/profesionalesweb.com\/navidad\/\"]}]},{\"@type\":\"BreadcrumbList\",\"@id\":\"https:\/\/profesionalesweb.com\/navidad\/#breadcrumb\",\"itemListElement\":[{\"@type\":\"ListItem\",\"position\":1,\"name\":\"Portada\",\"item\":\"https:\/\/profesionalesweb.com\/\"},{\"@type\":\"ListItem\",\"position\":2,\"name\":\"Navidad\"}]},{\"@type\":\"WebSite\",\"@id\":\"https:\/\/profesionalesweb.com\/#website\",\"url\":\"https:\/\/profesionalesweb.com\/\",\"name\":\"ProfesionalesWeb.com - Dise\u00f1o de P\u00e1ginas Web Alicante y Elche, Espa\u00f1a\",\"description\":\"Dise\u00f1o de P\u00e1ginas Web en Alicante, Elche, Espa\u00f1a. Dise\u00f1o de Tiendas Online, Dise\u00f1o de Estrategias de Marketing Digital y Redes Sociales\",\"potentialAction\":[{\"@type\":\"SearchAction\",\"target\":{\"@type\":\"EntryPoint\",\"urlTemplate\":\"https:\/\/profesionalesweb.com\/?s={search_term_string}\"},\"query-input\":{\"@type\":\"PropertyValueSpecification\",\"valueRequired\":true,\"valueName\":\"search_term_string\"}}],\"inLanguage\":\"en-GB\"}]}<\/script>\n<!-- \/ Yoast SEO plugin. -->","yoast_head_json":{"title":"Navidad - ProfesionalesWeb.com - Dise\u00f1o de P\u00e1ginas Web Alicante y Elche, Espa\u00f1a","robots":{"index":"index","follow":"follow","max-snippet":"max-snippet:-1","max-image-preview":"max-image-preview:large","max-video-preview":"max-video-preview:-1"},"canonical":"https:\/\/profesionalesweb.com\/en\/navidad\/","og_locale":"en_GB","og_type":"article","og_title":"Navidad - ProfesionalesWeb.com - Dise\u00f1o de P\u00e1ginas Web Alicante y Elche, Espa\u00f1a","og_url":"https:\/\/profesionalesweb.com\/en\/navidad\/","og_site_name":"ProfesionalesWeb.com - Dise\u00f1o de P\u00e1ginas Web Alicante y Elche, Espa\u00f1a","article_modified_time":"2019-12-03T16:41:44+00:00","twitter_card":"summary_large_image","twitter_misc":{"Estimated reading time":"1 minute"},"schema":{"@context":"https:\/\/schema.org","@graph":[{"@type":"WebPage","@id":"https:\/\/profesionalesweb.com\/navidad\/","url":"https:\/\/profesionalesweb.com\/navidad\/","name":"Navidad - ProfesionalesWeb.com - Dise\u00f1o de P\u00e1ginas Web Alicante y Elche, Espa\u00f1a","isPartOf":{"@id":"https:\/\/profesionalesweb.com\/#website"},"datePublished":"2019-12-03T15:00:01+00:00","dateModified":"2019-12-03T16:41:44+00:00","breadcrumb":{"@id":"https:\/\/profesionalesweb.com\/navidad\/#breadcrumb"},"inLanguage":"en-GB","potentialAction":[{"@type":"ReadAction","target":["https:\/\/profesionalesweb.com\/navidad\/"]}]},{"@type":"BreadcrumbList","@id":"https:\/\/profesionalesweb.com\/navidad\/#breadcrumb","itemListElement":[{"@type":"ListItem","position":1,"name":"Portada","item":"https:\/\/profesionalesweb.com\/"},{"@type":"ListItem","position":2,"name":"Navidad"}]},{"@type":"WebSite","@id":"https:\/\/profesionalesweb.com\/#website","url":"https:\/\/profesionalesweb.com\/","name":"ProfesionalesWeb.com - Dise\u00f1o de P\u00e1ginas Web Alicante y Elche, Espa\u00f1a","description":"Dise\u00f1o de P\u00e1ginas Web en Alicante, Elche, Espa\u00f1a. Dise\u00f1o de Tiendas Online, Dise\u00f1o de Estrategias de Marketing Digital y Redes Sociales","potentialAction":[{"@type":"SearchAction","target":{"@type":"EntryPoint","urlTemplate":"https:\/\/profesionalesweb.com\/?s={search_term_string}"},"query-input":{"@type":"PropertyValueSpecification","valueRequired":true,"valueName":"search_term_string"}}],"inLanguage":"en-GB"}]}},"_links":{"self":[{"href":"https:\/\/profesionalesweb.com\/en\/wp-json\/wp\/v2\/pages\/1188"}],"collection":[{"href":"https:\/\/profesionalesweb.com\/en\/wp-json\/wp\/v2\/pages"}],"about":[{"href":"https:\/\/profesionalesweb.com\/en\/wp-json\/wp\/v2\/types\/page"}],"author":[{"embeddable":true,"href":"https:\/\/profesionalesweb.com\/en\/wp-json\/wp\/v2\/users\/1"}],"replies":[{"embeddable":true,"href":"https:\/\/profesionalesweb.com\/en\/wp-json\/wp\/v2\/comments?post=1188"}],"version-history":[{"count":6,"href":"https:\/\/profesionalesweb.com\/en\/wp-json\/wp\/v2\/pages\/1188\/revisions"}],"predecessor-version":[{"id":1200,"href":"https:\/\/profesionalesweb.com\/en\/wp-json\/wp\/v2\/pages\/1188\/revisions\/1200"}],"wp:attachment":[{"href":"https:\/\/profesionalesweb.com\/en\/wp-json\/wp\/v2\/media?parent=1188"}],"curies":[{"name":"wp","href":"https:\/\/api.w.org\/{rel}","templated":true}]}}